{"id":980,"date":"2023-03-02T17:58:34","date_gmt":"2023-03-02T17:58:34","guid":{"rendered":"https:\/\/financelife.strongholdthemes.com\/dummydata\/demo1\/?page_id=980"},"modified":"2026-02-05T15:09:31","modified_gmt":"2026-02-05T12:09:31","slug":"iletisim","status":"publish","type":"page","link":"https:\/\/seyitogluasansor.com\/index.php\/iletisim\/","title":{"rendered":"\u0130leti\u015fim"},"content":{"rendered":"\t\t<div data-elementor-type=\"wp-page\" data-elementor-id=\"980\" class=\"elementor elementor-980\">\n\t\t\t\t<div class=\"elementor-element elementor-element-76f9a15 e-flex e-con-boxed e-con e-parent\" data-id=\"76f9a15\" data-element_type=\"container\" data-e-type=\"container\">\n\t\t\t\t\t<div class=\"e-con-inner\">\n\t\t\t\t<div class=\"elementor-element elementor-element-8ff8c03 elementor-widget elementor-widget-html\" data-id=\"8ff8c03\" data-element_type=\"widget\" data-e-type=\"widget\" data-widget_type=\"html.default\">\n\t\t\t\t\t<iframe src=\"https:\/\/www.google.com\/maps\/embed?pb=!1m18!1m12!1m3!1d6030.7717012551075!2d29.19043439699409!3d40.907284944012446!2m3!1f0!2f0!3f0!3m2!1i1024!2i768!4f13.1!3m3!1m2!1s0x14cac562c8b86239%3A0x8a904f351c3fbf2d!2zU0VZxLBUT8SeTFUgQVNBTlPDllIgS0FCxLBOIE1BSyBTQU4gVMSwQw!5e0!3m2!1str!2str!4v1770292150455!5m2!1str!2str\" width=\"600\" height=\"450\" style=\"border:0;\" allowfullscreen=\"\" loading=\"lazy\" referrerpolicy=\"no-referrer-when-downgrade\"><\/iframe>\t\t\t\t<\/div>\n\t\t\t\t\t<\/div>\n\t\t\t\t<\/div>\n\t\t\t\t<section class=\"elementor-section elementor-top-section elementor-element elementor-element-89011bc elementor-section-boxed elementor-section-height-default elementor-section-height-default\" data-id=\"89011bc\" data-element_type=\"section\" data-e-type=\"section\">\n\t\t\t\t\t\t<div class=\"elementor-container elementor-column-gap-default\">\n\t\t\t\t\t<div class=\"elementor-column elementor-col-50 elementor-top-column elementor-element elementor-element-dfc69b1\" data-id=\"dfc69b1\" data-element_type=\"column\" data-e-type=\"column\">\n\t\t\t<div class=\"elementor-widget-wrap elementor-element-populated\">\n\t\t\t\t\t\t<div class=\"elementor-element elementor-element-c874c56 elementor-widget elementor-widget-financier-heading\" data-id=\"c874c56\" data-element_type=\"widget\" data-e-type=\"widget\" data-widget_type=\"financier-heading.default\">\n\t\t\t\t<div class=\"elementor-widget-container\">\n\t\t\t\t\t<div class=\"stronghold-heading\"><div class=\"heading-title\"><h3 class=\"heading-title-element\">Seyito\u011flu Asans\u00f6r<\/h3><span class=\"heading-separator\"><\/span><\/div><\/div>\t\t\t\t<\/div>\n\t\t\t\t<\/div>\n\t\t\t\t<div class=\"elementor-element elementor-element-fb5a6a9 elementor-widget elementor-widget-text-editor\" data-id=\"fb5a6a9\" data-element_type=\"widget\" data-e-type=\"widget\" data-widget_type=\"text-editor.default\">\n\t\t\t\t\t\t\t\t\t<p>K\u0131ymetli ziyaret\u00e7imiz sizlere daha kaliteli bir hizmet verebilememiz i\u00e7in l\u00fctfen bizimle ileti\u015fime ge\u00e7in.<\/p>\t\t\t\t\t\t\t\t<\/div>\n\t\t\t\t<div class=\"elementor-element elementor-element-bae7969 elementor-widget elementor-widget-financier-info-list\" data-id=\"bae7969\" data-element_type=\"widget\" data-e-type=\"widget\" data-widget_type=\"financier-info-list.default\">\n\t\t\t\t<div class=\"elementor-widget-container\">\n\t\t\t\t\t<div class=\"stronghold-info-list-wrapper\"><div class=\"stronghold-info-list-item\"><span class=\"stronghold-info-list-icon\"><i class=\"stronghold-info-list-icon-element fas fa-phone-alt\"><\/i><\/span><div class=\"stronghold-info-list-content\"><div class=\"stronghold-info-list-title\"><h4 class=\"stronghold-info-list-title-element\">7\/24 \u0130leti\u015fim Hatt\u0131<\/h4><\/div><div class=\"stronghold-info-list-desc\"><div>+90 553 731 01 11<\/div><\/div><\/div><\/div><div class=\"stronghold-info-list-item\"><span class=\"stronghold-info-list-icon\"><i class=\"stronghold-info-list-icon-element fas fa-map-marker-alt\"><\/i><\/span><div class=\"stronghold-info-list-content\"><div class=\"stronghold-info-list-title\"><h4 class=\"stronghold-info-list-title-element\">Adres<\/h4><\/div><div class=\"stronghold-info-list-desc\"><div>Esentepe Mah Milangaz Cad, Esentepe, Aydos Sk. No 25 A-B, 34870 Kartal\/\u0130stanbul<\/div><\/div><\/div><\/div><div class=\"stronghold-info-list-item\"><span class=\"stronghold-info-list-icon\"><i class=\"stronghold-info-list-icon-element far fa-envelope\"><\/i><\/span><div class=\"stronghold-info-list-content\"><div class=\"stronghold-info-list-title\"><h4 class=\"stronghold-info-list-title-element\">E-Mail<\/h4><\/div><div class=\"stronghold-info-list-desc\"><div>seyitogluasansor@gmail.com<\/div><\/div><\/div><\/div><\/div>\t\t\t\t<\/div>\n\t\t\t\t<\/div>\n\t\t\t\t\t<\/div>\n\t\t<\/div>\n\t\t\t\t<div class=\"elementor-column elementor-col-50 elementor-top-column elementor-element elementor-element-84a440c\" data-id=\"84a440c\" data-element_type=\"column\" data-e-type=\"column\">\n\t\t\t<div class=\"elementor-widget-wrap elementor-element-populated\">\n\t\t\t\t\t\t<div class=\"elementor-element elementor-element-97e3de4 elementor-widget elementor-widget-financier-heading\" data-id=\"97e3de4\" data-element_type=\"widget\" data-e-type=\"widget\" data-widget_type=\"financier-heading.default\">\n\t\t\t\t<div class=\"elementor-widget-container\">\n\t\t\t\t\t<div class=\"stronghold-heading\"><div class=\"heading-title\"><h3 class=\"heading-title-element\">\u0130leti\u015fim Formu<\/h3><span class=\"heading-separator\"><\/span><\/div><\/div>\t\t\t\t<\/div>\n\t\t\t\t<\/div>\n\t\t\t\t<div class=\"elementor-element elementor-element-aad5975 elementor-widget elementor-widget-text-editor\" data-id=\"aad5975\" data-element_type=\"widget\" data-e-type=\"widget\" data-widget_type=\"text-editor.default\">\n\t\t\t\t\t\t\t\t\t<p>A\u015fa\u011f\u0131da ki Formu doldurarak bizlere istek, \u00f6neri ve \u015fikayetlerinizi bildirebilirsiniz. Yetkili arkada\u015flar\u0131m\u0131z size mutlaka geri d\u00f6n\u00fc\u015f sa\u011flayacaklard\u0131r.<\/p>\t\t\t\t\t\t\t\t<\/div>\n\t\t\t\t<div class=\"elementor-element elementor-element-8428ba3 elementor-widget elementor-widget-financier-contact-form\" data-id=\"8428ba3\" data-element_type=\"widget\" data-e-type=\"widget\" data-widget_type=\"financier-contact-form.default\">\n\t\t\t\t<div class=\"elementor-widget-container\">\n\t\t\t\t\t           \r\n            <div class=\"contact-form-wrapper\">\r\n                \n<div class=\"wpcf7 no-js\" id=\"wpcf7-f35-o1\" lang=\"en-US\" dir=\"ltr\" data-wpcf7-id=\"35\">\n<div class=\"screen-reader-response\"><p role=\"status\" aria-live=\"polite\" aria-atomic=\"true\"><\/p> <ul><\/ul><\/div>\n<form action=\"\/index.php\/wp-json\/wp\/v2\/pages\/980#wpcf7-f35-o1\" method=\"post\" class=\"wpcf7-form init\" aria-label=\"Contact form\" novalidate=\"novalidate\" data-status=\"init\">\n<fieldset class=\"hidden-fields-container\"><input type=\"hidden\" name=\"_wpcf7\" value=\"35\" \/><input type=\"hidden\" name=\"_wpcf7_version\" value=\"6.1.4\" \/><input type=\"hidden\" name=\"_wpcf7_locale\" value=\"en_US\" \/><input type=\"hidden\" name=\"_wpcf7_unit_tag\" value=\"wpcf7-f35-o1\" \/><input type=\"hidden\" name=\"_wpcf7_container_post\" value=\"0\" \/><input type=\"hidden\" name=\"_wpcf7_posted_data_hash\" value=\"\" \/>\n<\/fieldset>\n<div class=\"input-group\">\n\t<p><span class=\"wpcf7-form-control-wrap\" data-name=\"text-960\"><input size=\"40\" maxlength=\"400\" class=\"wpcf7-form-control wpcf7-text wpcf7-validates-as-required\" aria-required=\"true\" aria-invalid=\"false\" placeholder=\"Name*\" value=\"\" type=\"text\" name=\"text-960\" \/><\/span>\n\t<\/p>\n<\/div>\n<div class=\"input-group\">\n\t<p><span class=\"wpcf7-form-control-wrap\" data-name=\"email-21\"><input size=\"40\" maxlength=\"400\" class=\"wpcf7-form-control wpcf7-email wpcf7-validates-as-required wpcf7-text wpcf7-validates-as-email\" aria-required=\"true\" aria-invalid=\"false\" placeholder=\"Email*\" value=\"\" type=\"email\" name=\"email-21\" \/><\/span>\n\t<\/p>\n<\/div>\n<div class=\"input-group\">\n\t<p><span class=\"wpcf7-form-control-wrap\" data-name=\"tel-71\"><input size=\"40\" maxlength=\"400\" class=\"wpcf7-form-control wpcf7-tel wpcf7-validates-as-required wpcf7-text wpcf7-validates-as-tel\" aria-required=\"true\" aria-invalid=\"false\" placeholder=\"Phone Number*\" value=\"\" type=\"tel\" name=\"tel-71\" \/><\/span>\n\t<\/p>\n<\/div>\n<p><span class=\"wpcf7-form-control-wrap\" data-name=\"textarea-248\"><textarea cols=\"40\" rows=\"10\" maxlength=\"2000\" class=\"wpcf7-form-control wpcf7-textarea wpcf7-validates-as-required\" aria-required=\"true\" aria-invalid=\"false\" placeholder=\"Message\" name=\"textarea-248\"><\/textarea><\/span>\n<\/p>\n<p><input class=\"wpcf7-form-control wpcf7-submit has-spinner\" type=\"submit\" value=\"Send\" \/>\n<\/p><p style=\"display: none !important;\" class=\"akismet-fields-container\" data-prefix=\"_wpcf7_ak_\"><label>&#916;<textarea name=\"_wpcf7_ak_hp_textarea\" cols=\"45\" rows=\"8\" maxlength=\"100\"><\/textarea><\/label><input type=\"hidden\" id=\"ak_js_1\" name=\"_wpcf7_ak_js\" value=\"135\"\/><script>document.getElementById( \"ak_js_1\" ).setAttribute( \"value\", ( new Date() ).getTime() );<\/script><\/p><div class=\"wpcf7-response-output\" aria-hidden=\"true\"><\/div>\n<\/form>\n<\/div>\n            <\/div>\r\n            \t\t\t\t<\/div>\n\t\t\t\t<\/div>\n\t\t\t\t\t<\/div>\n\t\t<\/div>\n\t\t\t\t\t<\/div>\n\t\t<\/section>\n\t\t\t\t<\/div>\n\t\t","protected":false},"excerpt":{"rendered":"<p>Seyito\u011flu Asans\u00f6r K\u0131ymetli ziyaret\u00e7imiz sizlere daha kaliteli bir hizmet verebilememiz i\u00e7in l\u00fctfen bizimle ileti\u015fime ge\u00e7in. 7\/24 \u0130leti\u015fim Hatt\u0131 +90 553 731 01 11 Adres Esentepe Mah Milangaz Cad, Esentepe, Aydos Sk. No 25 A-B, 34870 Kartal\/\u0130stanbul E-Mail seyitogluasansor@gmail.com \u0130leti\u015fim Formu A\u015fa\u011f\u0131da ki Formu doldurarak bizlere istek, \u00f6neri ve \u015fikayetlerinizi bildirebilirsiniz. Yetkili arkada\u015flar\u0131m\u0131z size mutlaka geri [&hellip;]<\/p>\n","protected":false},"author":1,"featured_media":0,"parent":0,"menu_order":0,"comment_status":"closed","ping_status":"closed","template":"","meta":{"_monsterinsights_skip_tracking":false,"_monsterinsights_sitenote_active":false,"_monsterinsights_sitenote_note":"","_monsterinsights_sitenote_category":0,"footnotes":""},"class_list":["post-980","page","type-page","status-publish","hentry"],"_links":{"self":[{"href":"https:\/\/seyitogluasansor.com\/index.php\/wp-json\/wp\/v2\/pages\/980","targetHints":{"allow":["GET"]}}],"collection":[{"href":"https:\/\/seyitogluasansor.com\/index.php\/wp-json\/wp\/v2\/pages"}],"about":[{"href":"https:\/\/seyitogluasansor.com\/index.php\/wp-json\/wp\/v2\/types\/page"}],"author":[{"embeddable":true,"href":"https:\/\/seyitogluasansor.com\/index.php\/wp-json\/wp\/v2\/users\/1"}],"replies":[{"embeddable":true,"href":"https:\/\/seyitogluasansor.com\/index.php\/wp-json\/wp\/v2\/comments?post=980"}],"version-history":[{"count":17,"href":"https:\/\/seyitogluasansor.com\/index.php\/wp-json\/wp\/v2\/pages\/980\/revisions"}],"predecessor-version":[{"id":1040351,"href":"https:\/\/seyitogluasansor.com\/index.php\/wp-json\/wp\/v2\/pages\/980\/revisions\/1040351"}],"wp:attachment":[{"href":"https:\/\/seyitogluasansor.com\/index.php\/wp-json\/wp\/v2\/media?parent=980"}],"curies":[{"name":"wp","href":"https:\/\/api.w.org\/{rel}","templated":true}]}}