{"id":876,"date":"2023-02-27T20:53:41","date_gmt":"2023-02-27T20:53:41","guid":{"rendered":"https:\/\/financelife.strongholdthemes.com\/dummydata\/demo1\/?page_id=876"},"modified":"2026-02-05T17:03:13","modified_gmt":"2026-02-05T14:03:13","slug":"hakkimizda","status":"publish","type":"page","link":"https:\/\/seyitogluasansor.com\/index.php\/hakkimizda\/","title":{"rendered":"Hakk\u0131m\u0131zda"},"content":{"rendered":"\t\t<div data-elementor-type=\"wp-page\" data-elementor-id=\"876\" class=\"elementor elementor-876\">\n\t\t\t\t\t\t<section class=\"elementor-section elementor-top-section elementor-element elementor-element-1437574 elementor-section-boxed elementor-section-height-default elementor-section-height-default\" data-id=\"1437574\" data-element_type=\"section\" data-e-type=\"section\">\n\t\t\t\t\t\t<div class=\"elementor-container elementor-column-gap-default\">\n\t\t\t\t\t<div class=\"elementor-column elementor-col-50 elementor-top-column elementor-element elementor-element-70671a8\" data-id=\"70671a8\" data-element_type=\"column\" data-e-type=\"column\">\n\t\t\t<div class=\"elementor-widget-wrap elementor-element-populated\">\n\t\t\t\t\t\t<div class=\"elementor-element elementor-element-c5c0df5 elementor-widget elementor-widget-image\" data-id=\"c5c0df5\" data-element_type=\"widget\" data-e-type=\"widget\" data-widget_type=\"image.default\">\n\t\t\t\t\t\t\t\t\t\t\t\t\t\t\t<img fetchpriority=\"high\" decoding=\"async\" width=\"1024\" height=\"683\" src=\"https:\/\/seyitogluasansor.com\/wp-content\/uploads\/2026\/02\/hakkimizda-1024x683.png\" class=\"attachment-large size-large wp-image-1040366\" alt=\"\" srcset=\"https:\/\/seyitogluasansor.com\/wp-content\/uploads\/2026\/02\/hakkimizda-1024x683.png 1024w, https:\/\/seyitogluasansor.com\/wp-content\/uploads\/2026\/02\/hakkimizda-300x200.png 300w, https:\/\/seyitogluasansor.com\/wp-content\/uploads\/2026\/02\/hakkimizda-768x512.png 768w, https:\/\/seyitogluasansor.com\/wp-content\/uploads\/2026\/02\/hakkimizda-600x400.png 600w, https:\/\/seyitogluasansor.com\/wp-content\/uploads\/2026\/02\/hakkimizda.png 1536w\" sizes=\"(max-width: 1024px) 100vw, 1024px\" \/>\t\t\t\t\t\t\t\t\t\t\t\t\t\t\t<\/div>\n\t\t\t\t\t<\/div>\n\t\t<\/div>\n\t\t\t\t<div class=\"elementor-column elementor-col-50 elementor-top-column elementor-element elementor-element-56781ac\" data-id=\"56781ac\" data-element_type=\"column\" data-e-type=\"column\">\n\t\t\t<div class=\"elementor-widget-wrap elementor-element-populated\">\n\t\t\t\t\t\t<div class=\"elementor-element elementor-element-0c33a00 elementor-widget elementor-widget-financier-heading\" data-id=\"0c33a00\" data-element_type=\"widget\" data-e-type=\"widget\" data-widget_type=\"financier-heading.default\">\n\t\t\t\t<div class=\"elementor-widget-container\">\n\t\t\t\t\t<div class=\"stronghold-heading\"><div class=\"heading-subtitle\"><span class=\"heading-subtitle-span heading-subtitle\">Who are we<\/span><\/div><div class=\"heading-title\"><h3 class=\"heading-title-element\">Seyito\u011flu Asans\u00f6r Kabin Mak.San.Tic.<\/h3><span class=\"heading-separator\"><\/span><\/div><\/div>\t\t\t\t<\/div>\n\t\t\t\t<\/div>\n\t\t\t\t<div class=\"elementor-element elementor-element-838a8e0 elementor-widget elementor-widget-text-editor\" data-id=\"838a8e0\" data-element_type=\"widget\" data-e-type=\"widget\" data-widget_type=\"text-editor.default\">\n\t\t\t\t\t\t\t\t\t<p style=\"text-align: justify;\"><strong>Hakk\u0131m\u0131zda<\/strong><\/p><p style=\"text-align: justify;\"><strong>Seyito\u011flu Asans\u00f6r Kabin Mak. San. Tic.<\/strong>, asans\u00f6r kabinleri ve asans\u00f6r sistemleri alan\u0131nda kaliteli \u00fcretim, g\u00fcvenilir hizmet ve m\u00fc\u015fteri memnuniyetini esas alarak faaliyet g\u00f6stermektedir. Sekt\u00f6rde edindi\u011fimiz bilgi birikimi ve teknik tecr\u00fcbemizle; konut, ticari ve end\u00fcstriyel projelere \u00f6zel \u00e7\u00f6z\u00fcmler sunmaktay\u0131z.<\/p><p style=\"text-align: justify;\">Modern \u00fcretim anlay\u0131\u015f\u0131m\u0131z, g\u00fc\u00e7l\u00fc makine parkurumuz ve uzman kadromuz ile estetik, dayan\u0131kl\u0131 ve uluslararas\u0131 standartlara uygun asans\u00f6r kabinleri \u00fcretmekteyiz. Montajdan bak\u0131ma, revizyondan teknik deste\u011fe kadar t\u00fcm s\u00fcre\u00e7lerde kaliteli ve s\u00fcrd\u00fcr\u00fclebilir \u00e7\u00f6z\u00fcmler sunarak uzun \u00f6m\u00fcrl\u00fc sistemler olu\u015fturmay\u0131 hedefliyoruz.<\/p>\t\t\t\t\t\t\t\t<\/div>\n\t\t\t\t\t<\/div>\n\t\t<\/div>\n\t\t\t\t\t<\/div>\n\t\t<\/section>\n\t\t\t\t<section class=\"elementor-section elementor-top-section elementor-element elementor-element-2f585db elementor-section-boxed elementor-section-height-default elementor-section-height-default\" data-id=\"2f585db\" data-element_type=\"section\" data-e-type=\"section\" data-settings=\"{&quot;background_background&quot;:&quot;classic&quot;}\">\n\t\t\t\t\t\t<div class=\"elementor-container elementor-column-gap-default\">\n\t\t\t\t\t<div class=\"elementor-column elementor-col-50 elementor-top-column elementor-element elementor-element-9178107\" data-id=\"9178107\" data-element_type=\"column\" data-e-type=\"column\">\n\t\t\t<div class=\"elementor-widget-wrap elementor-element-populated\">\n\t\t\t\t\t\t<div class=\"elementor-element elementor-element-af3d9c0 elementor-widget elementor-widget-financier-heading\" data-id=\"af3d9c0\" data-element_type=\"widget\" data-e-type=\"widget\" data-widget_type=\"financier-heading.default\">\n\t\t\t\t<div class=\"elementor-widget-container\">\n\t\t\t\t\t<div class=\"stronghold-heading\"><div class=\"heading-title\"><h3 class=\"heading-title-element\">Misyonumuz<\/h3><span class=\"heading-separator\"><\/span><\/div><\/div>\t\t\t\t<\/div>\n\t\t\t\t<\/div>\n\t\t\t\t<div class=\"elementor-element elementor-element-78d99b7 elementor-widget elementor-widget-text-editor\" data-id=\"78d99b7\" data-element_type=\"widget\" data-e-type=\"widget\" data-widget_type=\"text-editor.default\">\n\t\t\t\t\t\t\t\t\t<p style=\"text-align: justify;\">M\u00fc\u015fterilerimizin ihtiya\u00e7lar\u0131n\u0131 do\u011fru analiz ederek; g\u00fcvenli, kaliteli ve teknolojik asans\u00f6r kabinleri ve sistemleri \u00fcretmek, sat\u0131\u015f ve sat\u0131\u015f sonras\u0131 hizmetlerde y\u00fcksek memnuniyet sa\u011flamak. Sekt\u00f6rde kalite ve g\u00fcven denildi\u011finde tercih edilen bir marka olmak.<\/p>\t\t\t\t\t\t\t\t<\/div>\n\t\t\t\t\t<\/div>\n\t\t<\/div>\n\t\t\t\t<div class=\"elementor-column elementor-col-50 elementor-top-column elementor-element elementor-element-b26b3e8\" data-id=\"b26b3e8\" data-element_type=\"column\" data-e-type=\"column\">\n\t\t\t<div class=\"elementor-widget-wrap elementor-element-populated\">\n\t\t\t\t\t\t<div class=\"elementor-element elementor-element-80d2c55 elementor-widget elementor-widget-financier-heading\" data-id=\"80d2c55\" data-element_type=\"widget\" data-e-type=\"widget\" data-widget_type=\"financier-heading.default\">\n\t\t\t\t<div class=\"elementor-widget-container\">\n\t\t\t\t\t<div class=\"stronghold-heading\"><div class=\"heading-title\"><h3 class=\"heading-title-element\">Vizyonumuz<\/h3><span class=\"heading-separator\"><\/span><\/div><\/div>\t\t\t\t<\/div>\n\t\t\t\t<\/div>\n\t\t\t\t<div class=\"elementor-element elementor-element-03bb26d elementor-widget elementor-widget-financier-info-list\" data-id=\"03bb26d\" data-element_type=\"widget\" data-e-type=\"widget\" data-widget_type=\"financier-info-list.default\">\n\t\t\t\t<div class=\"elementor-widget-container\">\n\t\t\t\t\t<div class=\"stronghold-info-list-wrapper\"><div class=\"stronghold-info-list-item\"><span class=\"stronghold-info-list-icon\"><i class=\"stronghold-info-list-icon-element fas fa-angle-double-right\"><\/i><\/span><div class=\"stronghold-info-list-content\"><div class=\"stronghold-info-list-title\"><h4 class=\"stronghold-info-list-title-element\">Asans\u00f6r sekt\u00f6r\u00fcnde yenilik\u00e7i yakla\u015f\u0131m\u0131m\u0131z ve s\u00fcrekli geli\u015fen \u00fcretim g\u00fcc\u00fcm\u00fczle, T\u00fcrkiye genelinde ve uluslararas\u0131 pazarlarda tan\u0131nan, g\u00fcvenilir ve lider bir marka haline gelmek.<\/h4><\/div><div class=\"stronghold-info-list-desc\"><div><\/div><\/div><\/div><\/div><\/div>\t\t\t\t<\/div>\n\t\t\t\t<\/div>\n\t\t\t\t\t<\/div>\n\t\t<\/div>\n\t\t\t\t\t<\/div>\n\t\t<\/section>\n\t\t\t\t<\/div>\n\t\t","protected":false},"excerpt":{"rendered":"<p>Who are we Seyito\u011flu Asans\u00f6r Kabin Mak.San.Tic. Hakk\u0131m\u0131zda Seyito\u011flu Asans\u00f6r Kabin Mak. San. Tic., asans\u00f6r kabinleri ve asans\u00f6r sistemleri alan\u0131nda kaliteli \u00fcretim, g\u00fcvenilir hizmet ve m\u00fc\u015fteri memnuniyetini esas alarak faaliyet g\u00f6stermektedir. Sekt\u00f6rde edindi\u011fimiz bilgi birikimi ve teknik tecr\u00fcbemizle; konut, ticari ve end\u00fcstriyel projelere \u00f6zel \u00e7\u00f6z\u00fcmler sunmaktay\u0131z. Modern \u00fcretim anlay\u0131\u015f\u0131m\u0131z, g\u00fc\u00e7l\u00fc makine parkurumuz ve uzman kadromuz [&hellip;]<\/p>\n","protected":false},"author":1,"featured_media":0,"parent":0,"menu_order":0,"comment_status":"closed","ping_status":"closed","template":"","meta":{"_monsterinsights_skip_tracking":false,"_monsterinsights_sitenote_active":false,"_monsterinsights_sitenote_note":"","_monsterinsights_sitenote_category":0,"footnotes":""},"class_list":["post-876","page","type-page","status-publish","hentry"],"_links":{"self":[{"href":"https:\/\/seyitogluasansor.com\/index.php\/wp-json\/wp\/v2\/pages\/876","targetHints":{"allow":["GET"]}}],"collection":[{"href":"https:\/\/seyitogluasansor.com\/index.php\/wp-json\/wp\/v2\/pages"}],"about":[{"href":"https:\/\/seyitogluasansor.com\/index.php\/wp-json\/wp\/v2\/types\/page"}],"author":[{"embeddable":true,"href":"https:\/\/seyitogluasansor.com\/index.php\/wp-json\/wp\/v2\/users\/1"}],"replies":[{"embeddable":true,"href":"https:\/\/seyitogluasansor.com\/index.php\/wp-json\/wp\/v2\/comments?post=876"}],"version-history":[{"count":9,"href":"https:\/\/seyitogluasansor.com\/index.php\/wp-json\/wp\/v2\/pages\/876\/revisions"}],"predecessor-version":[{"id":1040371,"href":"https:\/\/seyitogluasansor.com\/index.php\/wp-json\/wp\/v2\/pages\/876\/revisions\/1040371"}],"wp:attachment":[{"href":"https:\/\/seyitogluasansor.com\/index.php\/wp-json\/wp\/v2\/media?parent=876"}],"curies":[{"name":"wp","href":"https:\/\/api.w.org\/{rel}","templated":true}]}}