{"id":1467,"date":"2023-03-06T12:13:45","date_gmt":"2023-03-06T12:13:45","guid":{"rendered":"https:\/\/financelife.strongholdthemes.com\/dummydata\/demo1\/?page_id=1467"},"modified":"2026-02-05T15:15:35","modified_gmt":"2026-02-05T12:15:35","slug":"home-5","status":"publish","type":"page","link":"https:\/\/seyitogluasansor.com\/","title":{"rendered":"Ana Sayfa"},"content":{"rendered":"\t\t<div data-elementor-type=\"wp-page\" data-elementor-id=\"1467\" class=\"elementor elementor-1467\">\n\t\t\t\t\t\t<section class=\"elementor-section elementor-top-section elementor-element elementor-element-53877553 elementor-section-full_width elementor-section-height-default elementor-section-height-default\" data-id=\"53877553\" data-element_type=\"section\" data-e-type=\"section\">\n\t\t\t\t\t\t<div class=\"elementor-container elementor-column-gap-no\">\n\t\t\t\t\t<div class=\"elementor-column elementor-col-100 elementor-top-column elementor-element elementor-element-572ea3c8\" data-id=\"572ea3c8\" data-element_type=\"column\" data-e-type=\"column\">\n\t\t\t<div class=\"elementor-widget-wrap elementor-element-populated\">\n\t\t\t\t\t\t<div class=\"elementor-element elementor-element-3e6f5892 elementor-widget elementor-widget-slider_revolution\" data-id=\"3e6f5892\" data-element_type=\"widget\" data-e-type=\"widget\" data-widget_type=\"slider_revolution.default\">\n\t\t\t\t\t\n\t\t<div class=\"wp-block-themepunch-revslider\">\n\t\t\t\t<p class=\"rs-p-wp-fix\"><\/p>\n\t\t\t\t<sr7-module data-alias=\"home-5\" data-id=\"8\" id=\"SR7_8_1\" class=\"rs-ov-hidden\" data-version=\"6.7.40\">\n\t\t\t\t\t<sr7-adjuster><\/sr7-adjuster>\n\t\t\t\t\t<sr7-content>\n\t\t\t\t\t\t<sr7-slide id=\"SR7_8_1-12\" data-key=\"12\">\n\t\t\t\t\t\t\t<sr7-bg id=\"SR7_8_1-12-12\" class=\"sr7-layer\"><noscript><img decoding=\"async\" src=\"https:\/\/seyitogluasansor.com\/wp-content\/uploads\/revslider\/slide1.jpg\" alt=\"\" title=\"slide1.jpg\"><\/noscript><\/sr7-bg>\n\t\t\t\t\t\t\t<sr7-txt id=\"SR7_8_1-12-2\" class=\"sr7-layer\">Do\u011fru Teklif,<\/sr7-txt>\n\t\t\t\t\t\t\t<sr7-txt id=\"SR7_8_1-12-3\" class=\"sr7-layer\">Do\u011fru Karar.<\/sr7-txt>\n\t\t\t\t\t\t\t<sr7-txt id=\"SR7_8_1-12-4\" class=\"sr7-layer\">Kaliteli \u00c7\u00f6z\u00fcm i\u00e7erisinde. G\u00fcvenli K\u0131sa Bir Yolculuk.<\/sr7-txt>\n\t\t\t\t\t\t\t<sr7-txt id=\"SR7_8_1-12-6\" class=\"sr7-layer\">7\/24 Profesyonel Hizmet.<\/sr7-txt>\n\t\t\t\t\t\t\t<a id=\"SR7_8_1-12-11\" class=\"sr7-layer\" href=\"https:\/\/seyitogluasansor.com\/index.php\/iletisim\/\" target=\"_self\">Bizimle ileti\u015fim<\/a>\n\t\t\t\t\t\t<\/sr7-slide>\n\t\t\t\t\t\t<sr7-slide id=\"SR7_8_1-27\" data-key=\"27\">\n\t\t\t\t\t\t<\/sr7-slide>\n\t\t\t\t\t<\/sr7-content>\n\t\t\t\t\t<image_lists style=\"display:none\">\n\t\t\t\t\t\t<img data-src=\"\/\/seyitogluasansor.com\/wp-content\/uploads\/revslider\/slide1.jpg\" width=\"0\" height=\"0\" data-dbsrc=\"Ly9zZXlpdG9nbHVhc2Fuc29yLmNvbS93cC1jb250ZW50L3VwbG9hZHMvcmV2c2xpZGVyL3NsaWRlMS5qcGc=\"\/>\n\t\t\t\t\t\t<img data-src=\"\/\/seyitogluasansor.com\/wp-content\/uploads\/revslider\/slide2.jpg\" width=\"0\" height=\"0\" data-dbsrc=\"Ly9zZXlpdG9nbHVhc2Fuc29yLmNvbS93cC1jb250ZW50L3VwbG9hZHMvcmV2c2xpZGVyL3NsaWRlMi5qcGc=\"\/>\n\t\t\t\t\t<\/image_lists>\n\t\t\t\t<\/sr7-module>\n\t\t\t\t<script>\n\t\t\t\t\tSR7.PMH ??={}; SR7.PMH[\"SR7_8_1\"] = {cn:100,state:false,fn: function() { if (_tpt!==undefined && _tpt.prepareModuleHeight !== undefined) {  _tpt.prepareModuleHeight({id:\"SR7_8_1\",el:[675,675,768,960,720],type:'standard',shdw:'0',gh:[675,675,557,423,261],gw:[1240,1240,1024,778,480],vpt:['-100px'],size:{fullWidth:true, fullHeight:false},mh:'0',onh:0,onw:0,bg:{color:'{\"orig\":\"transparent\",\"type\":\"solid\",\"string\":\"transparent\"}'},plType:'0',plColor:'#FFFFFF'});   SR7.PMH[\"SR7_8_1\"].state=true;} else if(SR7.PMH[\"SR7_8_1\"].cn-->0)\tsetTimeout( SR7.PMH[\"SR7_8_1\"].fn,19);}};SR7.PMH[\"SR7_8_1\" ].fn();\n\t\t\t\t<\/script>\n<\/div>\n\n\t\t\t\t\t\t<\/div>\n\t\t\t\t\t<\/div>\n\t\t<\/div>\n\t\t\t\t\t<\/div>\n\t\t<\/section>\n\t\t\t\t<section class=\"elementor-section elementor-top-section elementor-element elementor-element-38adc0fa elementor-section-boxed elementor-section-height-default elementor-section-height-default\" data-id=\"38adc0fa\" data-element_type=\"section\" data-e-type=\"section\">\n\t\t\t\t\t\t<div class=\"elementor-container elementor-column-gap-default\">\n\t\t\t\t\t<div class=\"elementor-column elementor-col-100 elementor-top-column elementor-element elementor-element-6788e649\" data-id=\"6788e649\" data-element_type=\"column\" data-e-type=\"column\">\n\t\t\t<div class=\"elementor-widget-wrap elementor-element-populated\">\n\t\t\t\t\t\t<div class=\"elementor-element elementor-element-429c11b4 elementor-widget elementor-widget-financier-heading\" data-id=\"429c11b4\" data-element_type=\"widget\" data-e-type=\"widget\" data-widget_type=\"financier-heading.default\">\n\t\t\t\t<div class=\"elementor-widget-container\">\n\t\t\t\t\t<div class=\"stronghold-heading\"><div class=\"heading-subtitle\"><span class=\"heading-subtitle-span heading-subtitle\">Keys to Our Success<\/span><\/div><div class=\"heading-title\"><h3 class=\"heading-title-element\">Seyito\u011flu Asans\u00f6r Kabin Mak.San.Tic.<\/h3><span class=\"heading-separator\"><\/span><\/div><\/div>\t\t\t\t<\/div>\n\t\t\t\t<\/div>\n\t\t\t\t<section class=\"elementor-section elementor-inner-section elementor-element elementor-element-2d6cce2d elementor-section-boxed elementor-section-height-default elementor-section-height-default\" data-id=\"2d6cce2d\" data-element_type=\"section\" data-e-type=\"section\">\n\t\t\t\t\t\t<div class=\"elementor-container elementor-column-gap-default\">\n\t\t\t\t\t<div class=\"elementor-column elementor-col-33 elementor-inner-column elementor-element elementor-element-2cfa1389\" data-id=\"2cfa1389\" data-element_type=\"column\" data-e-type=\"column\">\n\t\t\t<div class=\"elementor-widget-wrap elementor-element-populated\">\n\t\t\t\t\t\t<div class=\"elementor-element elementor-element-8d68a9e elementor-widget elementor-widget-financier-info-icon\" data-id=\"8d68a9e\" data-element_type=\"widget\" data-e-type=\"widget\" data-widget_type=\"financier-info-icon.default\">\n\t\t\t\t<div class=\"elementor-widget-container\">\n\t\t\t\t\t<div class=\"stronghold-info-icon-wrapper\"><div class=\"stronghold-info-icon-content info-icon-left\" style=\"text-align: left;\"><div class=\"stronghold-info-icon\" style=\" margin-right: 20px;\"><div class=\"icon-wrapper\" style=\"\"><i class=\"info-icon-element fas fa-city\"><\/i><\/div><\/div><div class=\"stronghold-content-wrap\"><div class=\"stronghold-info-icon-title\"><h4 class=\"stronghold-info-icon-title-element\">Asans\u00f6r Bak\u0131m Hizmetleri<\/h4><\/div><div class=\"stronghold-info-icon-desc\"><p>Asans\u00f6rlerinizin g\u00fcvenli, sorunsuz ve uzun \u00f6m\u00fcrl\u00fc \u00e7al\u0131\u015fmas\u0131 i\u00e7in periyodik bak\u0131m hizmetleri sunuyoruz. Uzman teknik ekibimizle ar\u0131za risklerini en aza indiriyor, yasal mevzuatlara uygun bak\u0131m ve kontrolleri titizlikle ger\u00e7ekle\u015ftiriyoruz. <\/p><\/div><\/div><\/div><\/div>\t\t\t\t<\/div>\n\t\t\t\t<\/div>\n\t\t\t\t\t<\/div>\n\t\t<\/div>\n\t\t\t\t<div class=\"elementor-column elementor-col-33 elementor-inner-column elementor-element elementor-element-4fec0d3d\" data-id=\"4fec0d3d\" data-element_type=\"column\" data-e-type=\"column\">\n\t\t\t<div class=\"elementor-widget-wrap elementor-element-populated\">\n\t\t\t\t\t\t<div class=\"elementor-element elementor-element-1e9d4e0 elementor-widget elementor-widget-financier-info-icon\" data-id=\"1e9d4e0\" data-element_type=\"widget\" data-e-type=\"widget\" data-widget_type=\"financier-info-icon.default\">\n\t\t\t\t<div class=\"elementor-widget-container\">\n\t\t\t\t\t<div class=\"stronghold-info-icon-wrapper\"><div class=\"stronghold-info-icon-content info-icon-left\" style=\"text-align: left;\"><div class=\"stronghold-info-icon\" style=\" margin-right: 20px;\"><div class=\"icon-wrapper\" style=\"\"><i class=\"info-icon-element far fa-check-circle\"><\/i><\/div><\/div><div class=\"stronghold-content-wrap\"><div class=\"stronghold-info-icon-title\"><h4 class=\"stronghold-info-icon-title-element\">Asans\u00f6r Revizyon Hizmetleri<\/h4><\/div><div class=\"stronghold-info-icon-desc\"><p>Mevcut asans\u00f6rlerinizi g\u00fcncel g\u00fcvenlik standartlar\u0131na uygun hale getiriyor, performans ve konforunu art\u0131r\u0131yoruz. Mekanik ve elektronik sistemlerde yap\u0131lan revizyon \u00e7al\u0131\u015fmalar\u0131yla daha g\u00fcvenli, daha verimli ve modern asans\u00f6r \u00e7\u00f6z\u00fcmleri sunuyoruz. <\/p><\/div><\/div><\/div><\/div>\t\t\t\t<\/div>\n\t\t\t\t<\/div>\n\t\t\t\t\t<\/div>\n\t\t<\/div>\n\t\t\t\t<div class=\"elementor-column elementor-col-33 elementor-inner-column elementor-element elementor-element-15847941\" data-id=\"15847941\" data-element_type=\"column\" data-e-type=\"column\">\n\t\t\t<div class=\"elementor-widget-wrap elementor-element-populated\">\n\t\t\t\t\t\t<div class=\"elementor-element elementor-element-8c2ddd1 elementor-widget elementor-widget-financier-info-icon\" data-id=\"8c2ddd1\" data-element_type=\"widget\" data-e-type=\"widget\" data-widget_type=\"financier-info-icon.default\">\n\t\t\t\t<div class=\"elementor-widget-container\">\n\t\t\t\t\t<div class=\"stronghold-info-icon-wrapper\"><div class=\"stronghold-info-icon-content info-icon-left\" style=\"text-align: left;\"><div class=\"stronghold-info-icon\" style=\" margin-right: 20px;\"><div class=\"icon-wrapper\" style=\"\"><i class=\"info-icon-element fas fa-city\"><\/i><\/div><\/div><div class=\"stronghold-content-wrap\"><div class=\"stronghold-info-icon-title\"><h4 class=\"stronghold-info-icon-title-element\">Asans\u00f6r Montaj \u00c7\u00f6z\u00fcmleri<\/h4><\/div><div class=\"stronghold-info-icon-desc\"><p>Projeye \u00f6zel ke\u015fif ve m\u00fchendislik \u00e7al\u0131\u015fmalar\u0131yla, uluslararas\u0131 standartlara uygun asans\u00f6r montaj hizmetleri sunuyoruz. G\u00fcvenli, konforlu ve uzun \u00f6m\u00fcrl\u00fc asans\u00f6r sistemlerini uzman ekibimizle eksiksiz \u015fekilde hayata ge\u00e7iriyoruz. <\/p><\/div><\/div><\/div><\/div>\t\t\t\t<\/div>\n\t\t\t\t<\/div>\n\t\t\t\t\t<\/div>\n\t\t<\/div>\n\t\t\t\t\t<\/div>\n\t\t<\/section>\n\t\t\t\t\t<\/div>\n\t\t<\/div>\n\t\t\t\t\t<\/div>\n\t\t<\/section>\n\t\t\t\t<section class=\"elementor-section elementor-top-section elementor-element elementor-element-fd03c92 elementor-section-boxed elementor-section-height-default elementor-section-height-default\" data-id=\"fd03c92\" data-element_type=\"section\" data-e-type=\"section\" data-settings=\"{&quot;background_background&quot;:&quot;classic&quot;}\">\n\t\t\t\t\t\t<div class=\"elementor-container elementor-column-gap-default\">\n\t\t\t\t\t<div class=\"elementor-column elementor-col-66 elementor-top-column elementor-element elementor-element-b9e7fc9\" data-id=\"b9e7fc9\" data-element_type=\"column\" data-e-type=\"column\">\n\t\t\t<div class=\"elementor-widget-wrap elementor-element-populated\">\n\t\t\t\t\t\t<div class=\"elementor-element elementor-element-52df07c elementor-widget elementor-widget-financier-heading\" data-id=\"52df07c\" data-element_type=\"widget\" data-e-type=\"widget\" data-widget_type=\"financier-heading.default\">\n\t\t\t\t<div class=\"elementor-widget-container\">\n\t\t\t\t\t<div class=\"stronghold-heading\"><div class=\"heading-title\"><h3 class=\"heading-title-element\">Kaliteye ait m\u00fckemmel sonu\u00e7lar.<\/h3><span class=\"heading-separator\"><\/span><\/div><\/div>\t\t\t\t<\/div>\n\t\t\t\t<\/div>\n\t\t\t\t<div class=\"elementor-element elementor-element-48e5a4b elementor-widget elementor-widget-financier-heading\" data-id=\"48e5a4b\" data-element_type=\"widget\" data-e-type=\"widget\" data-widget_type=\"financier-heading.default\">\n\t\t\t\t<div class=\"elementor-widget-container\">\n\t\t\t\t\t<div class=\"stronghold-heading\"><div class=\"heading-title\"><h6 class=\"heading-title-element\">Seyito\u011flu Asans\u00f6r olarak bizler; G\u00fcvenilir ve TSE-HYB, ISO 9001-2015,CE ve TSE-EN 13015 Standartlar\u0131 kalitesinde ve de\u011ferinde hizmet sunar\u0131z,<\/h6><\/div><\/div>\t\t\t\t<\/div>\n\t\t\t\t<\/div>\n\t\t\t\t<div class=\"elementor-element elementor-element-d70b515 elementor-widget elementor-widget-text-editor\" data-id=\"d70b515\" data-element_type=\"widget\" data-e-type=\"widget\" data-widget_type=\"text-editor.default\">\n\t\t\t\t\t\t\t\t\t<p data-pm-slice=\"1 1 []\">Her m\u00fc\u015fterinin ihtiya\u00e7lar\u0131na, insan kayna\u011f\u0131n\u0131 en de\u011ferli aktifi olarak kabul eden, g\u00fc\u00e7l\u00fc alt yap\u0131s\u0131na yak\u0131\u015f\u0131r \u015fekilde s\u00fcrekli olarak teknolojik fark ve de\u011feri ortaya \u00e7\u0131kart\u0131r\u0131z, sekt\u00f6r\u00fcm\u00fcz\u00fcn \u00f6rnek ald\u0131\u011f\u0131, her a\u015famada daha fazlas\u0131n\u0131 isteyen, itibarl\u0131 ve piyasam\u0131zda de\u011feri y\u00fcksek, lider bir firmay\u0131z.<\/p>\t\t\t\t\t\t\t\t<\/div>\n\t\t\t\t<div class=\"elementor-element elementor-element-09dd860 elementor-widget elementor-widget-financier-heading\" data-id=\"09dd860\" data-element_type=\"widget\" data-e-type=\"widget\" data-widget_type=\"financier-heading.default\">\n\t\t\t\t<div class=\"elementor-widget-container\">\n\t\t\t\t\t<div class=\"stronghold-heading\"><div class=\"heading-title\"><h6 class=\"heading-title-element\">Denetimlerde Mavi ve Ye\u015fil Etiket Al\u0131m Garantisi.<\/h6><\/div><\/div>\t\t\t\t<\/div>\n\t\t\t\t<\/div>\n\t\t\t\t<div class=\"elementor-element elementor-element-3f78752 elementor-widget elementor-widget-text-editor\" data-id=\"3f78752\" data-element_type=\"widget\" data-e-type=\"widget\" data-widget_type=\"text-editor.default\">\n\t\t\t\t\t\t\t\t\t<p>Asans\u00f6rlerinizin periyodik muayene s\u00fcre\u00e7lerinde gerekli olan Mavi ve Ye\u015fil Etiket al\u0131m\u0131 i\u00e7in t\u00fcm kontrolleri mevzuata uygun \u015fekilde ger\u00e7ekle\u015ftiriyoruz. G\u00fcvenli, eksiksiz ve sorunsuz etiket s\u00fcreciyle asans\u00f6rlerinizin yasal kullan\u0131m\u0131n\u0131 sa\u011fl\u0131yoruz.<\/p>\t\t\t\t\t\t\t\t<\/div>\n\t\t\t\t\t<\/div>\n\t\t<\/div>\n\t\t\t\t<div class=\"elementor-column elementor-col-33 elementor-top-column elementor-element elementor-element-cd290ab\" data-id=\"cd290ab\" data-element_type=\"column\" data-e-type=\"column\">\n\t\t\t<div class=\"elementor-widget-wrap elementor-element-populated\">\n\t\t\t\t\t\t<div class=\"elementor-element elementor-element-3d9c222 elementor-widget elementor-widget-image\" data-id=\"3d9c222\" data-element_type=\"widget\" data-e-type=\"widget\" data-widget_type=\"image.default\">\n\t\t\t\t\t\t\t\t\t\t\t\t\t\t\t\t<a href=\"https:\/\/seyitogluasansor.com\/wp-content\/uploads\/2026\/02\/asansor-denetleme.png\" data-elementor-open-lightbox=\"yes\" data-elementor-lightbox-title=\"asans\u00f6r denetleme\" data-e-action-hash=\"#elementor-action%3Aaction%3Dlightbox%26settings%3DeyJpZCI6MTA0MDM0NCwidXJsIjoiaHR0cHM6XC9cL3NleWl0b2dsdWFzYW5zb3IuY29tXC93cC1jb250ZW50XC91cGxvYWRzXC8yMDI2XC8wMlwvYXNhbnNvci1kZW5ldGxlbWUucG5nIn0%3D\">\n\t\t\t\t\t\t\t<img fetchpriority=\"high\" decoding=\"async\" width=\"683\" height=\"1024\" src=\"https:\/\/seyitogluasansor.com\/wp-content\/uploads\/2026\/02\/asansor-denetleme-683x1024.png\" class=\"attachment-large size-large wp-image-1040344\" alt=\"\" srcset=\"https:\/\/seyitogluasansor.com\/wp-content\/uploads\/2026\/02\/asansor-denetleme-683x1024.png 683w, https:\/\/seyitogluasansor.com\/wp-content\/uploads\/2026\/02\/asansor-denetleme-200x300.png 200w, https:\/\/seyitogluasansor.com\/wp-content\/uploads\/2026\/02\/asansor-denetleme-768x1152.png 768w, https:\/\/seyitogluasansor.com\/wp-content\/uploads\/2026\/02\/asansor-denetleme-600x900.png 600w, https:\/\/seyitogluasansor.com\/wp-content\/uploads\/2026\/02\/asansor-denetleme.png 1024w\" sizes=\"(max-width: 683px) 100vw, 683px\" \/>\t\t\t\t\t\t\t\t<\/a>\n\t\t\t\t\t\t\t\t\t\t\t\t\t\t\t<\/div>\n\t\t\t\t\t<\/div>\n\t\t<\/div>\n\t\t\t\t\t<\/div>\n\t\t<\/section>\n\t\t\t\t<section class=\"elementor-section elementor-top-section elementor-element elementor-element-12fdbb3d elementor-section-boxed elementor-section-height-default elementor-section-height-default\" data-id=\"12fdbb3d\" data-element_type=\"section\" data-e-type=\"section\" data-settings=\"{&quot;background_background&quot;:&quot;classic&quot;}\">\n\t\t\t\t\t\t<div class=\"elementor-container elementor-column-gap-default\">\n\t\t\t\t\t<div class=\"elementor-column elementor-col-100 elementor-top-column elementor-element elementor-element-22fc3bd3\" data-id=\"22fc3bd3\" data-element_type=\"column\" data-e-type=\"column\">\n\t\t\t<div class=\"elementor-widget-wrap elementor-element-populated\">\n\t\t\t\t\t\t<div class=\"elementor-element elementor-element-b7a0da7 elementor-widget elementor-widget-financier-call-action\" data-id=\"b7a0da7\" data-element_type=\"widget\" data-e-type=\"widget\" data-widget_type=\"financier-call-action.default\">\n\t\t\t\t<div class=\"elementor-widget-container\">\n\t\t\t\t\t<div class=\"stronghold-call-to-action-wrapper\"><div class=\"call-text-wrapper\"><div class=\"call-title\"><h4 class=\"call-title-element\">TSE-HYB, ISO 9001-2015,CE ve TSE-EN 13015 Standartlar\u0131 kalitesi<\/h4><\/div><\/div><div class=\"call-link\"><a class=\"call-link-btn btn\" href=\"https:\/\/seyitogluasansor.com\/index.php\/iletisim\/\">Bizimle \u0130leti\u015fim<\/a><\/div><\/div>\t\t\t\t<\/div>\n\t\t\t\t<\/div>\n\t\t\t\t\t<\/div>\n\t\t<\/div>\n\t\t\t\t\t<\/div>\n\t\t<\/section>\n\t\t\t\t<\/div>\n\t\t","protected":false},"excerpt":{"rendered":"<p>Keys to Our Success Seyito\u011flu Asans\u00f6r Kabin Mak.San.Tic. Asans\u00f6r Bak\u0131m Hizmetleri Asans\u00f6rlerinizin g\u00fcvenli, sorunsuz ve uzun \u00f6m\u00fcrl\u00fc \u00e7al\u0131\u015fmas\u0131 i\u00e7in periyodik bak\u0131m hizmetleri sunuyoruz. Uzman teknik ekibimizle ar\u0131za risklerini en aza indiriyor, yasal mevzuatlara uygun bak\u0131m ve kontrolleri titizlikle ger\u00e7ekle\u015ftiriyoruz. Asans\u00f6r Revizyon Hizmetleri Mevcut asans\u00f6rlerinizi g\u00fcncel g\u00fcvenlik standartlar\u0131na uygun hale getiriyor, performans ve konforunu art\u0131r\u0131yoruz. Mekanik [&hellip;]<\/p>\n","protected":false},"author":1,"featured_media":0,"parent":0,"menu_order":0,"comment_status":"closed","ping_status":"closed","template":"","meta":{"_monsterinsights_skip_tracking":false,"_monsterinsights_sitenote_active":false,"_monsterinsights_sitenote_note":"","_monsterinsights_sitenote_category":0,"footnotes":""},"class_list":["post-1467","page","type-page","status-publish","hentry"],"_links":{"self":[{"href":"https:\/\/seyitogluasansor.com\/index.php\/wp-json\/wp\/v2\/pages\/1467","targetHints":{"allow":["GET"]}}],"collection":[{"href":"https:\/\/seyitogluasansor.com\/index.php\/wp-json\/wp\/v2\/pages"}],"about":[{"href":"https:\/\/seyitogluasansor.com\/index.php\/wp-json\/wp\/v2\/types\/page"}],"author":[{"embeddable":true,"href":"https:\/\/seyitogluasansor.com\/index.php\/wp-json\/wp\/v2\/users\/1"}],"replies":[{"embeddable":true,"href":"https:\/\/seyitogluasansor.com\/index.php\/wp-json\/wp\/v2\/comments?post=1467"}],"version-history":[{"count":24,"href":"https:\/\/seyitogluasansor.com\/index.php\/wp-json\/wp\/v2\/pages\/1467\/revisions"}],"predecessor-version":[{"id":1040360,"href":"https:\/\/seyitogluasansor.com\/index.php\/wp-json\/wp\/v2\/pages\/1467\/revisions\/1040360"}],"wp:attachment":[{"href":"https:\/\/seyitogluasansor.com\/index.php\/wp-json\/wp\/v2\/media?parent=1467"}],"curies":[{"name":"wp","href":"https:\/\/api.w.org\/{rel}","templated":true}]}}