{"id":1040453,"date":"2026-02-05T17:04:14","date_gmt":"2026-02-05T14:04:14","guid":{"rendered":"https:\/\/seyitogluasansor.com\/?page_id=1040453"},"modified":"2026-02-05T17:12:02","modified_gmt":"2026-02-05T14:12:02","slug":"asansor-kapilari","status":"publish","type":"page","link":"https:\/\/seyitogluasansor.com\/index.php\/asansor-kapilari\/","title":{"rendered":"Asans\u00f6r Kap\u0131lar\u0131"},"content":{"rendered":"\t\t<div data-elementor-type=\"wp-page\" data-elementor-id=\"1040453\" class=\"elementor elementor-1040453\">\n\t\t\t\t<div class=\"elementor-element elementor-element-f5f6510 e-flex e-con-boxed e-con e-parent\" data-id=\"f5f6510\" data-element_type=\"container\" data-e-type=\"container\">\n\t\t\t\t\t<div class=\"e-con-inner\">\n\t\t\t\t<div class=\"elementor-element elementor-element-c9d6521 elementor-widget elementor-widget-image-gallery\" data-id=\"c9d6521\" data-element_type=\"widget\" data-e-type=\"widget\" data-widget_type=\"image-gallery.default\">\n\t\t\t\t\t\t\t<div class=\"elementor-image-gallery\">\n\t\t\t<div id='gallery-1' class='gallery galleryid-1040453 gallery-columns-4 gallery-size-full'><figure class='gallery-item'>\n\t\t\t<div class='gallery-icon portrait'>\n\t\t\t\t<a data-elementor-open-lightbox=\"yes\" data-elementor-lightbox-slideshow=\"c9d6521\" data-elementor-lightbox-title=\"Asansor-Kap\u0131-Modeli-1\" data-e-action-hash=\"#elementor-action%3Aaction%3Dlightbox%26settings%3DeyJpZCI6MTA0MDQ4NiwidXJsIjoiaHR0cHM6XC9cL3NleWl0b2dsdWFzYW5zb3IuY29tXC93cC1jb250ZW50XC91cGxvYWRzXC8yMDI2XC8wMlwvQXNhbnNvci1LYXBpLU1vZGVsaS0xLmpwZyIsInNsaWRlc2hvdyI6ImM5ZDY1MjEifQ%3D%3D\" href='https:\/\/seyitogluasansor.com\/wp-content\/uploads\/2026\/02\/Asansor-Kapi-Modeli-1.jpg'><img fetchpriority=\"high\" decoding=\"async\" width=\"928\" height=\"1480\" src=\"https:\/\/seyitogluasansor.com\/wp-content\/uploads\/2026\/02\/Asansor-Kapi-Modeli-1.jpg\" class=\"attachment-full size-full\" alt=\"\" srcset=\"https:\/\/seyitogluasansor.com\/wp-content\/uploads\/2026\/02\/Asansor-Kapi-Modeli-1.jpg 928w, https:\/\/seyitogluasansor.com\/wp-content\/uploads\/2026\/02\/Asansor-Kapi-Modeli-1-188x300.jpg 188w, https:\/\/seyitogluasansor.com\/wp-content\/uploads\/2026\/02\/Asansor-Kapi-Modeli-1-642x1024.jpg 642w, https:\/\/seyitogluasansor.com\/wp-content\/uploads\/2026\/02\/Asansor-Kapi-Modeli-1-768x1225.jpg 768w, https:\/\/seyitogluasansor.com\/wp-content\/uploads\/2026\/02\/Asansor-Kapi-Modeli-1-600x957.jpg 600w\" sizes=\"(max-width: 928px) 100vw, 928px\" \/><\/a>\n\t\t\t<\/div><\/figure><figure class='gallery-item'>\n\t\t\t<div class='gallery-icon portrait'>\n\t\t\t\t<a data-elementor-open-lightbox=\"yes\" data-elementor-lightbox-slideshow=\"c9d6521\" data-elementor-lightbox-title=\"Asansor-Kap\u0131-Modeli-2\" data-e-action-hash=\"#elementor-action%3Aaction%3Dlightbox%26settings%3DeyJpZCI6MTA0MDQ4NywidXJsIjoiaHR0cHM6XC9cL3NleWl0b2dsdWFzYW5zb3IuY29tXC93cC1jb250ZW50XC91cGxvYWRzXC8yMDI2XC8wMlwvQXNhbnNvci1LYXBpLU1vZGVsaS0yLmpwZyIsInNsaWRlc2hvdyI6ImM5ZDY1MjEifQ%3D%3D\" href='https:\/\/seyitogluasansor.com\/wp-content\/uploads\/2026\/02\/Asansor-Kapi-Modeli-2.jpg'><img decoding=\"async\" width=\"928\" height=\"1480\" src=\"https:\/\/seyitogluasansor.com\/wp-content\/uploads\/2026\/02\/Asansor-Kapi-Modeli-2.jpg\" class=\"attachment-full size-full\" alt=\"\" srcset=\"https:\/\/seyitogluasansor.com\/wp-content\/uploads\/2026\/02\/Asansor-Kapi-Modeli-2.jpg 928w, https:\/\/seyitogluasansor.com\/wp-content\/uploads\/2026\/02\/Asansor-Kapi-Modeli-2-188x300.jpg 188w, https:\/\/seyitogluasansor.com\/wp-content\/uploads\/2026\/02\/Asansor-Kapi-Modeli-2-642x1024.jpg 642w, https:\/\/seyitogluasansor.com\/wp-content\/uploads\/2026\/02\/Asansor-Kapi-Modeli-2-768x1225.jpg 768w, https:\/\/seyitogluasansor.com\/wp-content\/uploads\/2026\/02\/Asansor-Kapi-Modeli-2-600x957.jpg 600w\" sizes=\"(max-width: 928px) 100vw, 928px\" \/><\/a>\n\t\t\t<\/div><\/figure><figure class='gallery-item'>\n\t\t\t<div class='gallery-icon portrait'>\n\t\t\t\t<a data-elementor-open-lightbox=\"yes\" data-elementor-lightbox-slideshow=\"c9d6521\" data-elementor-lightbox-title=\"Asansor-Kap\u0131-Modeli-3\" data-e-action-hash=\"#elementor-action%3Aaction%3Dlightbox%26settings%3DeyJpZCI6MTA0MDQ4OCwidXJsIjoiaHR0cHM6XC9cL3NleWl0b2dsdWFzYW5zb3IuY29tXC93cC1jb250ZW50XC91cGxvYWRzXC8yMDI2XC8wMlwvQXNhbnNvci1LYXBpLU1vZGVsaS0zLmpwZyIsInNsaWRlc2hvdyI6ImM5ZDY1MjEifQ%3D%3D\" href='https:\/\/seyitogluasansor.com\/wp-content\/uploads\/2026\/02\/Asansor-Kapi-Modeli-3.jpg'><img decoding=\"async\" width=\"928\" height=\"1480\" src=\"https:\/\/seyitogluasansor.com\/wp-content\/uploads\/2026\/02\/Asansor-Kapi-Modeli-3.jpg\" class=\"attachment-full size-full\" alt=\"\" srcset=\"https:\/\/seyitogluasansor.com\/wp-content\/uploads\/2026\/02\/Asansor-Kapi-Modeli-3.jpg 928w, https:\/\/seyitogluasansor.com\/wp-content\/uploads\/2026\/02\/Asansor-Kapi-Modeli-3-188x300.jpg 188w, https:\/\/seyitogluasansor.com\/wp-content\/uploads\/2026\/02\/Asansor-Kapi-Modeli-3-642x1024.jpg 642w, https:\/\/seyitogluasansor.com\/wp-content\/uploads\/2026\/02\/Asansor-Kapi-Modeli-3-768x1225.jpg 768w, https:\/\/seyitogluasansor.com\/wp-content\/uploads\/2026\/02\/Asansor-Kapi-Modeli-3-600x957.jpg 600w\" sizes=\"(max-width: 928px) 100vw, 928px\" \/><\/a>\n\t\t\t<\/div><\/figure><figure class='gallery-item'>\n\t\t\t<div class='gallery-icon portrait'>\n\t\t\t\t<a data-elementor-open-lightbox=\"yes\" data-elementor-lightbox-slideshow=\"c9d6521\" data-elementor-lightbox-title=\"Asansor-Kap\u0131-Modeli-4\" data-e-action-hash=\"#elementor-action%3Aaction%3Dlightbox%26settings%3DeyJpZCI6MTA0MDQ4OSwidXJsIjoiaHR0cHM6XC9cL3NleWl0b2dsdWFzYW5zb3IuY29tXC93cC1jb250ZW50XC91cGxvYWRzXC8yMDI2XC8wMlwvQXNhbnNvci1LYXBpLU1vZGVsaS00LmpwZyIsInNsaWRlc2hvdyI6ImM5ZDY1MjEifQ%3D%3D\" href='https:\/\/seyitogluasansor.com\/wp-content\/uploads\/2026\/02\/Asansor-Kapi-Modeli-4.jpg'><img loading=\"lazy\" decoding=\"async\" width=\"928\" height=\"1480\" src=\"https:\/\/seyitogluasansor.com\/wp-content\/uploads\/2026\/02\/Asansor-Kapi-Modeli-4.jpg\" class=\"attachment-full size-full\" alt=\"\" srcset=\"https:\/\/seyitogluasansor.com\/wp-content\/uploads\/2026\/02\/Asansor-Kapi-Modeli-4.jpg 928w, https:\/\/seyitogluasansor.com\/wp-content\/uploads\/2026\/02\/Asansor-Kapi-Modeli-4-188x300.jpg 188w, https:\/\/seyitogluasansor.com\/wp-content\/uploads\/2026\/02\/Asansor-Kapi-Modeli-4-642x1024.jpg 642w, https:\/\/seyitogluasansor.com\/wp-content\/uploads\/2026\/02\/Asansor-Kapi-Modeli-4-768x1225.jpg 768w, https:\/\/seyitogluasansor.com\/wp-content\/uploads\/2026\/02\/Asansor-Kapi-Modeli-4-600x957.jpg 600w\" sizes=\"(max-width: 928px) 100vw, 928px\" \/><\/a>\n\t\t\t<\/div><\/figure><figure class='gallery-item'>\n\t\t\t<div class='gallery-icon portrait'>\n\t\t\t\t<a data-elementor-open-lightbox=\"yes\" data-elementor-lightbox-slideshow=\"c9d6521\" data-elementor-lightbox-title=\"Asansor-Kap\u0131-Modeli-5\" data-e-action-hash=\"#elementor-action%3Aaction%3Dlightbox%26settings%3DeyJpZCI6MTA0MDQ5MCwidXJsIjoiaHR0cHM6XC9cL3NleWl0b2dsdWFzYW5zb3IuY29tXC93cC1jb250ZW50XC91cGxvYWRzXC8yMDI2XC8wMlwvQXNhbnNvci1LYXBpLU1vZGVsaS01LmpwZyIsInNsaWRlc2hvdyI6ImM5ZDY1MjEifQ%3D%3D\" href='https:\/\/seyitogluasansor.com\/wp-content\/uploads\/2026\/02\/Asansor-Kapi-Modeli-5.jpg'><img loading=\"lazy\" decoding=\"async\" width=\"928\" height=\"1480\" src=\"https:\/\/seyitogluasansor.com\/wp-content\/uploads\/2026\/02\/Asansor-Kapi-Modeli-5.jpg\" class=\"attachment-full size-full\" alt=\"\" srcset=\"https:\/\/seyitogluasansor.com\/wp-content\/uploads\/2026\/02\/Asansor-Kapi-Modeli-5.jpg 928w, https:\/\/seyitogluasansor.com\/wp-content\/uploads\/2026\/02\/Asansor-Kapi-Modeli-5-188x300.jpg 188w, https:\/\/seyitogluasansor.com\/wp-content\/uploads\/2026\/02\/Asansor-Kapi-Modeli-5-642x1024.jpg 642w, https:\/\/seyitogluasansor.com\/wp-content\/uploads\/2026\/02\/Asansor-Kapi-Modeli-5-768x1225.jpg 768w, https:\/\/seyitogluasansor.com\/wp-content\/uploads\/2026\/02\/Asansor-Kapi-Modeli-5-600x957.jpg 600w\" sizes=\"(max-width: 928px) 100vw, 928px\" \/><\/a>\n\t\t\t<\/div><\/figure><figure class='gallery-item'>\n\t\t\t<div class='gallery-icon portrait'>\n\t\t\t\t<a data-elementor-open-lightbox=\"yes\" data-elementor-lightbox-slideshow=\"c9d6521\" data-elementor-lightbox-title=\"Asansor-Kap\u0131-Modeli-6\" data-e-action-hash=\"#elementor-action%3Aaction%3Dlightbox%26settings%3DeyJpZCI6MTA0MDQ5MSwidXJsIjoiaHR0cHM6XC9cL3NleWl0b2dsdWFzYW5zb3IuY29tXC93cC1jb250ZW50XC91cGxvYWRzXC8yMDI2XC8wMlwvQXNhbnNvci1LYXBpLU1vZGVsaS02LmpwZyIsInNsaWRlc2hvdyI6ImM5ZDY1MjEifQ%3D%3D\" href='https:\/\/seyitogluasansor.com\/wp-content\/uploads\/2026\/02\/Asansor-Kapi-Modeli-6.jpg'><img loading=\"lazy\" decoding=\"async\" width=\"928\" height=\"1480\" src=\"https:\/\/seyitogluasansor.com\/wp-content\/uploads\/2026\/02\/Asansor-Kapi-Modeli-6.jpg\" class=\"attachment-full size-full\" alt=\"\" srcset=\"https:\/\/seyitogluasansor.com\/wp-content\/uploads\/2026\/02\/Asansor-Kapi-Modeli-6.jpg 928w, https:\/\/seyitogluasansor.com\/wp-content\/uploads\/2026\/02\/Asansor-Kapi-Modeli-6-188x300.jpg 188w, https:\/\/seyitogluasansor.com\/wp-content\/uploads\/2026\/02\/Asansor-Kapi-Modeli-6-642x1024.jpg 642w, https:\/\/seyitogluasansor.com\/wp-content\/uploads\/2026\/02\/Asansor-Kapi-Modeli-6-768x1225.jpg 768w, https:\/\/seyitogluasansor.com\/wp-content\/uploads\/2026\/02\/Asansor-Kapi-Modeli-6-600x957.jpg 600w\" sizes=\"(max-width: 928px) 100vw, 928px\" \/><\/a>\n\t\t\t<\/div><\/figure><figure class='gallery-item'>\n\t\t\t<div class='gallery-icon portrait'>\n\t\t\t\t<a data-elementor-open-lightbox=\"yes\" data-elementor-lightbox-slideshow=\"c9d6521\" data-elementor-lightbox-title=\"Asansor-Kap\u0131-Modeli-7\" data-e-action-hash=\"#elementor-action%3Aaction%3Dlightbox%26settings%3DeyJpZCI6MTA0MDQ5MiwidXJsIjoiaHR0cHM6XC9cL3NleWl0b2dsdWFzYW5zb3IuY29tXC93cC1jb250ZW50XC91cGxvYWRzXC8yMDI2XC8wMlwvQXNhbnNvci1LYXBpLU1vZGVsaS03LmpwZyIsInNsaWRlc2hvdyI6ImM5ZDY1MjEifQ%3D%3D\" href='https:\/\/seyitogluasansor.com\/wp-content\/uploads\/2026\/02\/Asansor-Kapi-Modeli-7.jpg'><img loading=\"lazy\" decoding=\"async\" width=\"928\" height=\"1480\" src=\"https:\/\/seyitogluasansor.com\/wp-content\/uploads\/2026\/02\/Asansor-Kapi-Modeli-7.jpg\" class=\"attachment-full size-full\" alt=\"\" srcset=\"https:\/\/seyitogluasansor.com\/wp-content\/uploads\/2026\/02\/Asansor-Kapi-Modeli-7.jpg 928w, https:\/\/seyitogluasansor.com\/wp-content\/uploads\/2026\/02\/Asansor-Kapi-Modeli-7-188x300.jpg 188w, https:\/\/seyitogluasansor.com\/wp-content\/uploads\/2026\/02\/Asansor-Kapi-Modeli-7-642x1024.jpg 642w, https:\/\/seyitogluasansor.com\/wp-content\/uploads\/2026\/02\/Asansor-Kapi-Modeli-7-768x1225.jpg 768w, https:\/\/seyitogluasansor.com\/wp-content\/uploads\/2026\/02\/Asansor-Kapi-Modeli-7-600x957.jpg 600w\" sizes=\"(max-width: 928px) 100vw, 928px\" \/><\/a>\n\t\t\t<\/div><\/figure><figure class='gallery-item'>\n\t\t\t<div class='gallery-icon portrait'>\n\t\t\t\t<a data-elementor-open-lightbox=\"yes\" data-elementor-lightbox-slideshow=\"c9d6521\" data-elementor-lightbox-title=\"Asansor-Kap\u0131-Modeli-8\" data-e-action-hash=\"#elementor-action%3Aaction%3Dlightbox%26settings%3DeyJpZCI6MTA0MDQ5MywidXJsIjoiaHR0cHM6XC9cL3NleWl0b2dsdWFzYW5zb3IuY29tXC93cC1jb250ZW50XC91cGxvYWRzXC8yMDI2XC8wMlwvQXNhbnNvci1LYXBpLU1vZGVsaS04LmpwZyIsInNsaWRlc2hvdyI6ImM5ZDY1MjEifQ%3D%3D\" href='https:\/\/seyitogluasansor.com\/wp-content\/uploads\/2026\/02\/Asansor-Kapi-Modeli-8.jpg'><img loading=\"lazy\" decoding=\"async\" width=\"928\" height=\"1480\" src=\"https:\/\/seyitogluasansor.com\/wp-content\/uploads\/2026\/02\/Asansor-Kapi-Modeli-8.jpg\" class=\"attachment-full size-full\" alt=\"\" srcset=\"https:\/\/seyitogluasansor.com\/wp-content\/uploads\/2026\/02\/Asansor-Kapi-Modeli-8.jpg 928w, https:\/\/seyitogluasansor.com\/wp-content\/uploads\/2026\/02\/Asansor-Kapi-Modeli-8-188x300.jpg 188w, https:\/\/seyitogluasansor.com\/wp-content\/uploads\/2026\/02\/Asansor-Kapi-Modeli-8-642x1024.jpg 642w, https:\/\/seyitogluasansor.com\/wp-content\/uploads\/2026\/02\/Asansor-Kapi-Modeli-8-768x1225.jpg 768w, https:\/\/seyitogluasansor.com\/wp-content\/uploads\/2026\/02\/Asansor-Kapi-Modeli-8-600x957.jpg 600w\" sizes=\"(max-width: 928px) 100vw, 928px\" \/><\/a>\n\t\t\t<\/div><\/figure>\n\t\t<\/div>\n\t\t<\/div>\n\t\t\t\t\t\t<\/div>\n\t\t\t\t\t<\/div>\n\t\t\t\t<\/div>\n\t\t\t\t<\/div>\n\t\t","protected":false},"excerpt":{"rendered":"","protected":false},"author":1,"featured_media":0,"parent":0,"menu_order":0,"comment_status":"closed","ping_status":"closed","template":"","meta":{"_monsterinsights_skip_tracking":false,"_monsterinsights_sitenote_active":false,"_monsterinsights_sitenote_note":"","_monsterinsights_sitenote_category":0,"footnotes":""},"class_list":["post-1040453","page","type-page","status-publish","hentry"],"_links":{"self":[{"href":"https:\/\/seyitogluasansor.com\/index.php\/wp-json\/wp\/v2\/pages\/1040453","targetHints":{"allow":["GET"]}}],"collection":[{"href":"https:\/\/seyitogluasansor.com\/index.php\/wp-json\/wp\/v2\/pages"}],"about":[{"href":"https:\/\/seyitogluasansor.com\/index.php\/wp-json\/wp\/v2\/types\/page"}],"author":[{"embeddable":true,"href":"https:\/\/seyitogluasansor.com\/index.php\/wp-json\/wp\/v2\/users\/1"}],"replies":[{"embeddable":true,"href":"https:\/\/seyitogluasansor.com\/index.php\/wp-json\/wp\/v2\/comments?post=1040453"}],"version-history":[{"count":6,"href":"https:\/\/seyitogluasansor.com\/index.php\/wp-json\/wp\/v2\/pages\/1040453\/revisions"}],"predecessor-version":[{"id":1040498,"href":"https:\/\/seyitogluasansor.com\/index.php\/wp-json\/wp\/v2\/pages\/1040453\/revisions\/1040498"}],"wp:attachment":[{"href":"https:\/\/seyitogluasansor.com\/index.php\/wp-json\/wp\/v2\/media?parent=1040453"}],"curies":[{"name":"wp","href":"https:\/\/api.w.org\/{rel}","templated":true}]}}