{"id":1040431,"date":"2026-02-05T16:42:17","date_gmt":"2026-02-05T13:42:17","guid":{"rendered":"https:\/\/seyitogluasansor.com\/?page_id=1040431"},"modified":"2026-02-05T16:53:55","modified_gmt":"2026-02-05T13:53:55","slug":"hizmetlerimiz","status":"publish","type":"page","link":"https:\/\/seyitogluasansor.com\/index.php\/hizmetlerimiz\/","title":{"rendered":"Hizmetlerimiz"},"content":{"rendered":"\t\t<div data-elementor-type=\"wp-page\" data-elementor-id=\"1040431\" class=\"elementor elementor-1040431\">\n\t\t\t\t<div class=\"elementor-element elementor-element-5169fc7 e-flex e-con-boxed e-con e-parent\" data-id=\"5169fc7\" data-element_type=\"container\" data-e-type=\"container\">\n\t\t\t\t\t<div class=\"e-con-inner\">\n\t\t<div class=\"elementor-element elementor-element-416e2ca e-con-full e-flex e-con e-child\" data-id=\"416e2ca\" data-element_type=\"container\" data-e-type=\"container\">\n\t\t\t\t<div class=\"elementor-element elementor-element-2c2c084 elementor-widget elementor-widget-text-editor\" data-id=\"2c2c084\" data-element_type=\"widget\" data-e-type=\"widget\" data-widget_type=\"text-editor.default\">\n\t\t\t\t\t\t\t\t\t<p><strong>Asans\u00f6r Bak\u0131m ve Ar\u0131za Hizmetleri<\/strong><\/p><p><strong>Seyito\u011flu Asans\u00f6r Kabin Mak. San. Tic.<\/strong>, asans\u00f6rlerin g\u00fcvenli, sorunsuz ve uzun \u00f6m\u00fcrl\u00fc \u00e7al\u0131\u015fmas\u0131n\u0131 sa\u011flamak amac\u0131yla periyodik bak\u0131m ve ar\u0131za giderme hizmetleri sunmaktad\u0131r. Uzman teknik ekibimiz taraf\u0131ndan yap\u0131lan d\u00fczenli kontrollerle olas\u0131 ar\u0131zalar \u00f6nceden tespit edilerek can ve mal g\u00fcvenli\u011fi en \u00fcst seviyede tutulur. Acil ar\u0131za durumlar\u0131nda h\u0131zl\u0131 m\u00fcdahale anlay\u0131\u015f\u0131yla kesintisiz ve g\u00fcvenilir \u00e7\u00f6z\u00fcmler sa\u011flan\u0131r.<\/p>\t\t\t\t\t\t\t\t<\/div>\n\t\t\t\t<\/div>\n\t\t<div class=\"elementor-element elementor-element-8bc86ec e-con-full e-flex e-con e-child\" data-id=\"8bc86ec\" data-element_type=\"container\" data-e-type=\"container\">\n\t\t\t\t<div class=\"elementor-element elementor-element-479af08 elementor-widget elementor-widget-image\" data-id=\"479af08\" data-element_type=\"widget\" data-e-type=\"widget\" data-widget_type=\"image.default\">\n\t\t\t\t\t\t\t\t\t\t\t\t\t\t\t<img fetchpriority=\"high\" decoding=\"async\" width=\"850\" height=\"600\" src=\"https:\/\/seyitogluasansor.com\/wp-content\/uploads\/2026\/02\/asansor-bakim.jpg\" class=\"attachment-large size-large wp-image-1040432\" alt=\"\" srcset=\"https:\/\/seyitogluasansor.com\/wp-content\/uploads\/2026\/02\/asansor-bakim.jpg 850w, https:\/\/seyitogluasansor.com\/wp-content\/uploads\/2026\/02\/asansor-bakim-300x212.jpg 300w, https:\/\/seyitogluasansor.com\/wp-content\/uploads\/2026\/02\/asansor-bakim-768x542.jpg 768w, https:\/\/seyitogluasansor.com\/wp-content\/uploads\/2026\/02\/asansor-bakim-370x260.jpg 370w, https:\/\/seyitogluasansor.com\/wp-content\/uploads\/2026\/02\/asansor-bakim-600x424.jpg 600w\" sizes=\"(max-width: 850px) 100vw, 850px\" \/>\t\t\t\t\t\t\t\t\t\t\t\t\t\t\t<\/div>\n\t\t\t\t<\/div>\n\t\t\t\t\t<\/div>\n\t\t\t\t<\/div>\n\t\t<div class=\"elementor-element elementor-element-472ecc7 e-flex e-con-boxed e-con e-parent\" data-id=\"472ecc7\" data-element_type=\"container\" data-e-type=\"container\">\n\t\t\t\t\t<div class=\"e-con-inner\">\n\t\t<div class=\"elementor-element elementor-element-0a212b5 e-con-full e-flex e-con e-child\" data-id=\"0a212b5\" data-element_type=\"container\" data-e-type=\"container\">\n\t\t\t\t<div class=\"elementor-element elementor-element-306ea1f elementor-widget elementor-widget-image\" data-id=\"306ea1f\" data-element_type=\"widget\" data-e-type=\"widget\" data-widget_type=\"image.default\">\n\t\t\t\t\t\t\t\t\t\t\t\t\t\t\t<img decoding=\"async\" width=\"1024\" height=\"672\" src=\"https:\/\/seyitogluasansor.com\/wp-content\/uploads\/2026\/02\/asansor-revizyon.webp\" class=\"attachment-large size-large wp-image-1040433\" alt=\"\" srcset=\"https:\/\/seyitogluasansor.com\/wp-content\/uploads\/2026\/02\/asansor-revizyon.webp 1024w, https:\/\/seyitogluasansor.com\/wp-content\/uploads\/2026\/02\/asansor-revizyon-300x197.webp 300w, https:\/\/seyitogluasansor.com\/wp-content\/uploads\/2026\/02\/asansor-revizyon-768x504.webp 768w, https:\/\/seyitogluasansor.com\/wp-content\/uploads\/2026\/02\/asansor-revizyon-600x394.webp 600w\" sizes=\"(max-width: 1024px) 100vw, 1024px\" \/>\t\t\t\t\t\t\t\t\t\t\t\t\t\t\t<\/div>\n\t\t\t\t<\/div>\n\t\t<div class=\"elementor-element elementor-element-c96ff40 e-con-full e-flex e-con e-child\" data-id=\"c96ff40\" data-element_type=\"container\" data-e-type=\"container\">\n\t\t\t\t<div class=\"elementor-element elementor-element-a676b73 elementor-widget elementor-widget-text-editor\" data-id=\"a676b73\" data-element_type=\"widget\" data-e-type=\"widget\" data-widget_type=\"text-editor.default\">\n\t\t\t\t\t\t\t\t\t<p><strong>Asans\u00f6r Revizyon Hizmetleri<\/strong><\/p><p>Mevcut asans\u00f6r sistemlerinin g\u00fcncel y\u00f6netmelik ve g\u00fcvenlik standartlar\u0131na uygun hale getirilmesi i\u00e7in kapsaml\u0131 revizyon hizmetleri sunmaktay\u0131z. Mekanik ve elektronik aksamlar\u0131n yenilenmesi, performans ve konforun art\u0131r\u0131lmas\u0131yla daha g\u00fcvenli ve verimli asans\u00f6r sistemleri olu\u015fturulur. <strong>Seyito\u011flu Asans\u00f6r<\/strong>, revizyon projelerinde modern teknoloji ve kaliteli malzeme kullan\u0131m\u0131yla uzun vadeli \u00e7\u00f6z\u00fcmler \u00fcretir.<\/p>\t\t\t\t\t\t\t\t<\/div>\n\t\t\t\t<\/div>\n\t\t\t\t\t<\/div>\n\t\t\t\t<\/div>\n\t\t<div class=\"elementor-element elementor-element-5e5b1cb e-flex e-con-boxed e-con e-parent\" data-id=\"5e5b1cb\" data-element_type=\"container\" data-e-type=\"container\">\n\t\t\t\t\t<div class=\"e-con-inner\">\n\t\t<div class=\"elementor-element elementor-element-e18cc56 e-con-full e-flex e-con e-child\" data-id=\"e18cc56\" data-element_type=\"container\" data-e-type=\"container\">\n\t\t\t\t<div class=\"elementor-element elementor-element-fb63f51 elementor-widget elementor-widget-text-editor\" data-id=\"fb63f51\" data-element_type=\"widget\" data-e-type=\"widget\" data-widget_type=\"text-editor.default\">\n\t\t\t\t\t\t\t\t\t<p><strong>Asans\u00f6r Montaj Hizmetleri<\/strong><\/p><p>Projeye \u00f6zel m\u00fchendislik ve ke\u015fif \u00e7al\u0131\u015fmalar\u0131 do\u011frultusunda, uluslararas\u0131 standartlara uygun asans\u00f6r montaj hizmetleri sunuyoruz. Konut, ticari ve end\u00fcstriyel yap\u0131lara y\u00f6nelik asans\u00f6r montajlar\u0131, uzman ekibimiz taraf\u0131ndan titizlikle ger\u00e7ekle\u015ftirilmektedir. G\u00fcvenli, estetik ve y\u00fcksek performansl\u0131 asans\u00f6r sistemleriyle projelerinize de\u011fer kat\u0131yoruz.<\/p>\t\t\t\t\t\t\t\t<\/div>\n\t\t\t\t<\/div>\n\t\t<div class=\"elementor-element elementor-element-2407ce3 e-con-full e-flex e-con e-child\" data-id=\"2407ce3\" data-element_type=\"container\" data-e-type=\"container\">\n\t\t\t\t<div class=\"elementor-element elementor-element-6cbc1e4 elementor-widget elementor-widget-image\" data-id=\"6cbc1e4\" data-element_type=\"widget\" data-e-type=\"widget\" data-widget_type=\"image.default\">\n\t\t\t\t\t\t\t\t\t\t\t\t\t\t\t<img decoding=\"async\" width=\"1024\" height=\"512\" src=\"https:\/\/seyitogluasansor.com\/wp-content\/uploads\/2026\/02\/asansor-montaj-1024x512.jpg\" class=\"attachment-large size-large wp-image-1040434\" alt=\"\" srcset=\"https:\/\/seyitogluasansor.com\/wp-content\/uploads\/2026\/02\/asansor-montaj-1024x512.jpg 1024w, https:\/\/seyitogluasansor.com\/wp-content\/uploads\/2026\/02\/asansor-montaj-300x150.jpg 300w, https:\/\/seyitogluasansor.com\/wp-content\/uploads\/2026\/02\/asansor-montaj-768x384.jpg 768w, https:\/\/seyitogluasansor.com\/wp-content\/uploads\/2026\/02\/asansor-montaj-1536x768.jpg 1536w, https:\/\/seyitogluasansor.com\/wp-content\/uploads\/2026\/02\/asansor-montaj-600x300.jpg 600w, https:\/\/seyitogluasansor.com\/wp-content\/uploads\/2026\/02\/asansor-montaj.jpg 1600w\" sizes=\"(max-width: 1024px) 100vw, 1024px\" \/>\t\t\t\t\t\t\t\t\t\t\t\t\t\t\t<\/div>\n\t\t\t\t<\/div>\n\t\t\t\t\t<\/div>\n\t\t\t\t<\/div>\n\t\t\t\t<\/div>\n\t\t","protected":false},"excerpt":{"rendered":"<p>Asans\u00f6r Bak\u0131m ve Ar\u0131za Hizmetleri Seyito\u011flu Asans\u00f6r Kabin Mak. San. Tic., asans\u00f6rlerin g\u00fcvenli, sorunsuz ve uzun \u00f6m\u00fcrl\u00fc \u00e7al\u0131\u015fmas\u0131n\u0131 sa\u011flamak amac\u0131yla periyodik bak\u0131m ve ar\u0131za giderme hizmetleri sunmaktad\u0131r. Uzman teknik ekibimiz taraf\u0131ndan yap\u0131lan d\u00fczenli kontrollerle olas\u0131 ar\u0131zalar \u00f6nceden tespit edilerek can ve mal g\u00fcvenli\u011fi en \u00fcst seviyede tutulur. Acil ar\u0131za durumlar\u0131nda h\u0131zl\u0131 m\u00fcdahale anlay\u0131\u015f\u0131yla kesintisiz ve [&hellip;]<\/p>\n","protected":false},"author":1,"featured_media":0,"parent":0,"menu_order":0,"comment_status":"closed","ping_status":"closed","template":"","meta":{"_monsterinsights_skip_tracking":false,"_monsterinsights_sitenote_active":false,"_monsterinsights_sitenote_note":"","_monsterinsights_sitenote_category":0,"footnotes":""},"class_list":["post-1040431","page","type-page","status-publish","hentry"],"_links":{"self":[{"href":"https:\/\/seyitogluasansor.com\/index.php\/wp-json\/wp\/v2\/pages\/1040431","targetHints":{"allow":["GET"]}}],"collection":[{"href":"https:\/\/seyitogluasansor.com\/index.php\/wp-json\/wp\/v2\/pages"}],"about":[{"href":"https:\/\/seyitogluasansor.com\/index.php\/wp-json\/wp\/v2\/types\/page"}],"author":[{"embeddable":true,"href":"https:\/\/seyitogluasansor.com\/index.php\/wp-json\/wp\/v2\/users\/1"}],"replies":[{"embeddable":true,"href":"https:\/\/seyitogluasansor.com\/index.php\/wp-json\/wp\/v2\/comments?post=1040431"}],"version-history":[{"count":5,"href":"https:\/\/seyitogluasansor.com\/index.php\/wp-json\/wp\/v2\/pages\/1040431\/revisions"}],"predecessor-version":[{"id":1040440,"href":"https:\/\/seyitogluasansor.com\/index.php\/wp-json\/wp\/v2\/pages\/1040431\/revisions\/1040440"}],"wp:attachment":[{"href":"https:\/\/seyitogluasansor.com\/index.php\/wp-json\/wp\/v2\/media?parent=1040431"}],"curies":[{"name":"wp","href":"https:\/\/api.w.org\/{rel}","templated":true}]}}